{"id":86,"date":"2013-11-25T09:48:13","date_gmt":"2013-11-25T09:48:13","guid":{"rendered":"http:\/\/fegrama.cat\/web\/?page_id=86"},"modified":"2025-06-01T13:53:13","modified_gmt":"2025-06-01T12:53:13","slug":"junta-directiva","status":"publish","type":"page","link":"https:\/\/fegrama.cat\/web\/junta-directiva\/","title":{"rendered":"Junta Directiva"},"content":{"rendered":"<p><span style=\"color: #000000;\"><strong>PRESIDENT<\/strong>: Antonio Morales Garc\u00eda<\/span><\/p>\n<p><span style=\"color: #000000;\"><strong>VICEPRESIDENT <strong>\u00c0REA ESPORTIVA<\/strong>:<\/strong>\u00a0Manolo Garc\u00eda Morales<br \/>\n<\/span><br \/>\n<span style=\"color: #000000;\"><strong> VICEPRESIDENT \u00c0REA ECON\u00d2MICA I SECRETARI: <\/strong>Francesc S\u00e1nchez<\/span><\/p>\n<p><span style=\"color: #000000;\"><strong>TRESORERA: <\/strong>Encarni Santiago<\/span><\/p>\n<p><span style=\"color: #000000;\"><strong>\u00c0REA FEDERATIVA:<\/strong> Xavier \u00a0Samper Mellado<\/span><\/p>\n<p><span style=\"color: #000000;\"><strong>\u00c0REA SOCIAL I COMUNICACI\u00d3:<\/strong> Germ\u00e1n Rosales Calvo<\/span><\/p>\n<p><span style=\"color: #000000;\"><strong> \u00c0REA ESPORTIVA:<\/strong> Jos\u00e9 Manuel Morales Santiago<\/span><\/p>\n","protected":false},"excerpt":{"rendered":"<p>PRESIDENT: Antonio Morales Garc\u00eda VICEPRESIDENT \u00c0REA ESPORTIVA:\u00a0Manolo Garc\u00eda Morales VICEPRESIDENT \u00c0REA ECON\u00d2MICA I SECRETARI: Francesc S\u00e1nchez TRESORERA: Encarni Santiago \u00c0REA FEDERATIVA: Xavier \u00a0Samper Mellado \u00c0REA SOCIAL I COMUNICACI\u00d3: Germ\u00e1n Rosales Calvo \u00c0REA ESPORTIVA: Jos\u00e9 Manuel Morales Santiago<\/p>\n","protected":false},"author":1,"featured_media":9801,"parent":0,"menu_order":0,"comment_status":"closed","ping_status":"closed","template":"","meta":{"footnotes":""},"class_list":["post-86","page","type-page","status-publish","has-post-thumbnail","hentry"],"_links":{"self":[{"href":"https:\/\/fegrama.cat\/web\/wp-json\/wp\/v2\/pages\/86","targetHints":{"allow":["GET"]}}],"collection":[{"href":"https:\/\/fegrama.cat\/web\/wp-json\/wp\/v2\/pages"}],"about":[{"href":"https:\/\/fegrama.cat\/web\/wp-json\/wp\/v2\/types\/page"}],"author":[{"embeddable":true,"href":"https:\/\/fegrama.cat\/web\/wp-json\/wp\/v2\/users\/1"}],"replies":[{"embeddable":true,"href":"https:\/\/fegrama.cat\/web\/wp-json\/wp\/v2\/comments?post=86"}],"version-history":[{"count":10,"href":"https:\/\/fegrama.cat\/web\/wp-json\/wp\/v2\/pages\/86\/revisions"}],"predecessor-version":[{"id":35635,"href":"https:\/\/fegrama.cat\/web\/wp-json\/wp\/v2\/pages\/86\/revisions\/35635"}],"wp:featuredmedia":[{"embeddable":true,"href":"https:\/\/fegrama.cat\/web\/wp-json\/wp\/v2\/media\/9801"}],"wp:attachment":[{"href":"https:\/\/fegrama.cat\/web\/wp-json\/wp\/v2\/media?parent=86"}],"curies":[{"name":"wp","href":"https:\/\/api.w.org\/{rel}","templated":true}]}}