{"id":5402,"date":"2014-10-03T22:32:23","date_gmt":"2014-10-03T20:32:23","guid":{"rendered":"http:\/\/fegrama.cat\/web\/?page_id=5402"},"modified":"2021-05-13T10:46:26","modified_gmt":"2021-05-13T09:46:26","slug":"veterans","status":"publish","type":"page","link":"https:\/\/fegrama.cat\/web\/veterans\/","title":{"rendered":"Veterans"},"content":{"rendered":"<p style=\"text-align: center;\">\n<p><span style=\"color: #000000;\"><strong>JUGADORS: \u00a0<\/strong><\/span><\/p>\n<p><span style=\"color: #000000;\">Carlos Salguero (P), Mat\u00edas Romero (P), Javier Z\u00e1rate, Kiko Romero, Chema \u00c1lvarez, Dani Poyatos, Sergio Tirado, Paco Cordob\u00e9s, Gica, Juanjo Salgado, Gin\u00e9s L\u00f3pez, Cr\u00edspulo Muelas, Jes\u00fas Rabad\u00e1n, \u00c1lex L\u00f3pez, Jordi L\u00f3pez, Jes\u00fas Larios, Jos\u00e9 Chico, V\u00edctor D\u00edaz \u00abKaki\u00bb, David Herraiz, Ram\u00f3n Otero, Manuel Pel\u00e1ez, Javier Vilchez, Alfonso Hell\u00edn \u00abSito\u00bb, Juanlu D\u00edaz, David Garc\u00eda, Antonio Carmona \u00abAnto\u00f1ito\u00bb,\u00a0<\/span><\/p>\n<p><span style=\"color: #000000;\"><strong>COS T\u00c8CNIC:<\/strong><\/span><\/p>\n<p><span style=\"color: #000000;\">Primer entrenador: Jos\u00e9 Larios<\/span><\/p>\n","protected":false},"excerpt":{"rendered":"<p>JUGADORS: \u00a0 Carlos Salguero (P), Mat\u00edas Romero (P), Javier Z\u00e1rate, Kiko Romero, Chema \u00c1lvarez, Dani Poyatos, Sergio Tirado, Paco Cordob\u00e9s, Gica, Juanjo Salgado, Gin\u00e9s L\u00f3pez, Cr\u00edspulo Muelas, Jes\u00fas Rabad\u00e1n, \u00c1lex L\u00f3pez, Jordi L\u00f3pez, Jes\u00fas Larios, Jos\u00e9 Chico, V\u00edctor D\u00edaz \u00abKaki\u00bb, David Herraiz, Ram\u00f3n Otero, Manuel Pel\u00e1ez, Javier Vilchez, Alfonso Hell\u00edn \u00abSito\u00bb, Juanlu D\u00edaz, David Garc\u00eda, [&hellip;]<\/p>\n","protected":false},"author":1,"featured_media":21825,"parent":0,"menu_order":0,"comment_status":"closed","ping_status":"closed","template":"","meta":{"footnotes":""},"class_list":["post-5402","page","type-page","status-publish","has-post-thumbnail","hentry"],"_links":{"self":[{"href":"https:\/\/fegrama.cat\/web\/wp-json\/wp\/v2\/pages\/5402","targetHints":{"allow":["GET"]}}],"collection":[{"href":"https:\/\/fegrama.cat\/web\/wp-json\/wp\/v2\/pages"}],"about":[{"href":"https:\/\/fegrama.cat\/web\/wp-json\/wp\/v2\/types\/page"}],"author":[{"embeddable":true,"href":"https:\/\/fegrama.cat\/web\/wp-json\/wp\/v2\/users\/1"}],"replies":[{"embeddable":true,"href":"https:\/\/fegrama.cat\/web\/wp-json\/wp\/v2\/comments?post=5402"}],"version-history":[{"count":7,"href":"https:\/\/fegrama.cat\/web\/wp-json\/wp\/v2\/pages\/5402\/revisions"}],"predecessor-version":[{"id":28735,"href":"https:\/\/fegrama.cat\/web\/wp-json\/wp\/v2\/pages\/5402\/revisions\/28735"}],"wp:featuredmedia":[{"embeddable":true,"href":"https:\/\/fegrama.cat\/web\/wp-json\/wp\/v2\/media\/21825"}],"wp:attachment":[{"href":"https:\/\/fegrama.cat\/web\/wp-json\/wp\/v2\/media?parent=5402"}],"curies":[{"name":"wp","href":"https:\/\/api.w.org\/{rel}","templated":true}]}}